{"id":2,"date":"2023-10-18T17:13:22","date_gmt":"2023-10-18T17:13:22","guid":{"rendered":"https:\/\/greenkimun.cl\/?page_id=2"},"modified":"2023-10-27T19:13:55","modified_gmt":"2023-10-27T19:13:55","slug":"sample-page","status":"publish","type":"page","link":"https:\/\/greenkimun.cl\/","title":{"rendered":"Green Kim\u00fcn"},"content":{"rendered":"\n<div class=\"wp-block-cover alignfull is-light has-parallax\"><span aria-hidden=\"true\" class=\"wp-block-cover__background has-background-dim\"><\/span><div role=\"img\" class=\"wp-block-cover__image-background wp-image-131 has-parallax\" style=\"background-position:50% 50%;background-image:url(https:\/\/greenkimun.cl\/wp-content\/uploads\/2023\/10\/torres-del-paine-4827345_1920.jpg)\"><\/div><div class=\"wp-block-cover__inner-container is-layout-flow wp-block-cover-is-layout-flow\">\n<p class=\"has-text-align-center has-white-color has-text-color\" style=\"font-size:46px;font-style:normal;font-weight:900;letter-spacing:4px\">ASESOR\u00cdA AMBIENTAL NUNCA ANTES VISTA<\/p>\n\n\n\n<p class=\"has-text-align-center has-text-color has-huge-font-size\" style=\"color:#d0d3d4;font-style:normal;font-weight:700;letter-spacing:2px\">TENEMOS LOS MEJORES PLANES ANUALES Y MENSUALES<\/p>\n<\/div><\/div>\n\n\n\n<p class=\"has-text-align-center has-white-color has-text-color\" style=\"font-size:56px\">Elige tu Plan<\/p>\n\n\n\n<hr class=\"wp-block-separator has-alpha-channel-opacity\"\/>\n\n\n\n<div class=\"wp-block-columns alignwide is-layout-flex wp-container-core-columns-is-layout-829b1d53 wp-block-columns-is-layout-flex\" style=\"margin-bottom:0\">\n<div class=\"wp-block-column is-vertically-aligned-top has-white-color has-text-color has-background has-link-color wp-elements-7f4a1d2611a354a87e78779534861f6a is-layout-flow wp-block-column-is-layout-flow\" style=\"background-color:#0a0a0a;padding-top:2em;padding-right:2em;padding-bottom:2em;padding-left:2em\"><\/div>\n\n\n\n<div class=\"wp-block-column is-vertically-aligned-top has-white-color has-text-color has-background has-link-color wp-elements-9c3b80872465e030642cf5c2bd232129 is-layout-flow wp-block-column-is-layout-flow\" style=\"background-color:#252525;padding-top:2em;padding-right:2em;padding-bottom:2em;padding-left:2em;flex-basis:600px\">\n<h2 class=\"wp-block-heading has-text-align-center\" id=\"single\" style=\"font-size:40px\"><mark style=\"background-color:rgba(0, 0, 0, 0)\" class=\"has-inline-color has-vivid-green-cyan-color\">Plan \u00c1rbol<\/mark><\/h2>\n\n\n\n<hr class=\"wp-block-separator has-text-color has-css-opacity has-background is-style-wide\" style=\"background-color:#000000;color:#000000\"\/>\n\n\n\n<p><mark style=\"background-color:rgba(0, 0, 0, 0)\" class=\"has-inline-color has-vivid-green-cyan-color\">\u25ba<\/mark> Declaraci\u00f3n Jurada Anual (DJA).<\/p>\n\n\n\n<p><mark style=\"background-color:rgba(0, 0, 0, 0)\" class=\"has-inline-color has-vivid-green-cyan-color\">\u25ba<\/mark> Declaraci\u00f3n Desempe\u00f1o Ambiental Empresarial (DAE).<\/p>\n\n\n\n<p><mark style=\"background-color:rgba(0, 0, 0, 0)\" class=\"has-inline-color has-vivid-green-cyan-color\">\u25ba<\/mark> Registro de Fuentes y Procesos.<\/p>\n\n\n\n<p><mark style=\"background-color:rgba(0, 0, 0, 0)\" class=\"has-inline-color has-vivid-green-cyan-color\">\u25ba<\/mark> Declaraci\u00f3n RUEA (D.S. 138).<\/p>\n\n\n\n<p><mark style=\"background-color:rgba(0, 0, 0, 0)\" class=\"has-inline-color has-vivid-green-cyan-color\">\u25ba<\/mark> Declaraci\u00f3n SISAT.<\/p>\n\n\n\n<p><mark style=\"background-color:rgba(0, 0, 0, 0)\" class=\"has-inline-color has-vivid-green-cyan-color\">\u25ba<\/mark> 15 Minutos de Asesor\u00eda Telef\u00f3nica Mensual.<\/p>\n\n\n\n<hr class=\"wp-block-separator has-text-color has-css-opacity has-background is-style-wide\" style=\"background-color:#000000;color:#000000\"\/>\n\n\n\n<p><mark style=\"background-color:rgba(0, 0, 0, 0)\" class=\"has-inline-color has-vivid-green-cyan-color\">\u00bb<\/mark> Valor anual 10 UF<mark style=\"background-color:rgba(0, 0, 0, 0)\" class=\"has-inline-color has-vivid-green-cyan-color\">*<\/mark>.<\/p>\n\n\n\n<p><mark style=\"background-color:rgba(0, 0, 0, 0)\" class=\"has-inline-color has-vivid-green-cyan-color\">\u00bb<\/mark> Valor mensual 4 UF<mark style=\"background-color:rgba(0, 0, 0, 0)\" class=\"has-inline-color has-vivid-green-cyan-color\">*<\/mark>.<\/p>\n\n\n\n<p><mark style=\"background-color:rgba(0, 0, 0, 0)\" class=\"has-inline-color has-vivid-green-cyan-color\">\u00bb<\/mark> Todos los valores son por una instalaci\u00f3n.<\/p>\n\n\n\n<p><mark style=\"background-color:rgba(0, 0, 0, 0)\" class=\"has-inline-color has-vivid-green-cyan-color\">\u00bb<\/mark> La asesor\u00eda telef\u00f3nica s\u00f3lo aplica a los planes anuales.<\/p>\n\n\n\n<p><mark style=\"background-color:rgba(0, 0, 0, 0)\" class=\"has-inline-color has-vivid-green-cyan-color\">\u00bb<\/mark> Si requieres una visita a terreno, solicita <a title=\"\" href=\"https:\/\/web.whatsapp.com\/send?phone=56932394616&amp;text=\u00a1Hola, necesito cotizar un servicio!\"><mark style=\"background-color:rgba(0, 0, 0, 0)\" class=\"has-inline-color has-vivid-green-cyan-color\">aqu\u00ed<\/mark><\/a> tu presupuesto.<\/p>\n\n\n\n<p><mark style=\"background-color:rgba(0, 0, 0, 0)\" class=\"has-inline-color has-vivid-green-cyan-color\">\u00bb<\/mark> Actualizaci\u00f3n Sistema RETC, solicita <a title=\"\" href=\"https:\/\/web.whatsapp.com\/send?phone=56932394616&amp;text=\u00a1Hola, necesito cotizar un servicio!\"><mark style=\"background-color:rgba(0, 0, 0, 0)\" class=\"has-inline-color has-vivid-green-cyan-color\">aqu\u00ed<\/mark><\/a> tu presupuesto.<\/p>\n\n\n\n<div style=\"height:50px\" aria-hidden=\"true\" class=\"wp-block-spacer\"><\/div>\n\n\n\n<div class=\"wp-block-buttons is-horizontal is-content-justification-center is-layout-flex wp-container-core-buttons-is-layout-499968f5 wp-block-buttons-is-layout-flex\">\n<div class=\"wp-block-button has-custom-width wp-block-button__width-100 is-style-fill\"><a class=\"wp-block-button__link has-white-color has-text-color has-background no-border-radius wp-element-button\" href=\"https:\/\/greenkimun.cl\/?product=plan-arbol\" style=\"background-color:#28b463\">Lo Quiero!<\/a><\/div>\n<\/div>\n\n\n\n<p class=\"has-small-font-size\"><mark style=\"background-color:rgba(0, 0, 0, 0)\" class=\"has-inline-color has-vivid-green-cyan-color\">* Valor UF al 31 de Octubre 2023.<\/mark><\/p>\n<\/div>\n\n\n\n<div class=\"wp-block-column is-vertically-aligned-top has-white-color has-text-color has-background has-link-color wp-elements-43e0c2a4153c12133c05f4b739037245 is-layout-flow wp-block-column-is-layout-flow\" style=\"background-color:#0a0a0a;padding-top:2em;padding-right:2em;padding-bottom:2em;padding-left:2em\"><\/div>\n<\/div>\n\n\n\n<div class=\"wp-block-columns alignwide is-layout-flex wp-container-core-columns-is-layout-829b1d53 wp-block-columns-is-layout-flex\" style=\"margin-bottom:0\">\n<div class=\"wp-block-column is-vertically-aligned-top has-white-color has-text-color has-background has-link-color wp-elements-7f4a1d2611a354a87e78779534861f6a is-layout-flow wp-block-column-is-layout-flow\" style=\"background-color:#0a0a0a;padding-top:2em;padding-right:2em;padding-bottom:2em;padding-left:2em\"><\/div>\n\n\n\n<div class=\"wp-block-column is-vertically-aligned-top has-white-color has-text-color has-background has-link-color wp-elements-33cc3f3d6478d9c0d2a6649321db2eb4 is-layout-flow wp-block-column-is-layout-flow\" style=\"background-color:#252525;padding-top:2em;padding-right:2em;padding-bottom:2em;padding-left:2em;flex-basis:600px\">\n<h2 class=\"wp-block-heading has-text-align-center\" id=\"family\" style=\"font-size:40px\"><mark style=\"background-color:rgba(0, 0, 0, 0);color:#f1c40f\" class=\"has-inline-color\">Plan R\u00edo<\/mark><\/h2>\n\n\n\n<hr class=\"wp-block-separator has-text-color has-alpha-channel-opacity has-background is-style-wide\" style=\"background-color:#000000;color:#000000\"\/>\n\n\n\n<p class=\"has-normal-font-size\"><mark style=\"background-color:rgba(0, 0, 0, 0);color:#f1c40f\" class=\"has-inline-color\">\u25ba<\/mark> Declaraci\u00f3n Jurada Anual (DJA).<\/p>\n\n\n\n<p><mark style=\"background-color:rgba(0, 0, 0, 0);color:#f1c40f\" class=\"has-inline-color\">\u25ba<\/mark> Declaraci\u00f3n Desempe\u00f1o Ambiental Empresarial (DAE).<\/p>\n\n\n\n<p><mark style=\"background-color:rgba(0, 0, 0, 0);color:#f1c40f\" class=\"has-inline-color\">\u25ba<\/mark> Registro de Fuentes y Procesos.<\/p>\n\n\n\n<p><mark style=\"background-color:rgba(0, 0, 0, 0);color:#f1c40f\" class=\"has-inline-color\">\u25ba<\/mark> Declaraci\u00f3n RUEA (D.S 138 y Res. 15.027).<\/p>\n\n\n\n<p><mark style=\"background-color:rgba(0, 0, 0, 0);color:#f1c40f\" class=\"has-inline-color\">\u25ba<\/mark> SINADER mensual.<\/p>\n\n\n\n<p><mark style=\"background-color:rgba(0, 0, 0, 0);color:#f1c40f\" class=\"has-inline-color\">\u25ba<\/mark> SINADER Anual.<\/p>\n\n\n\n<p><mark style=\"background-color:rgba(0, 0, 0, 0);color:#f1c40f\" class=\"has-inline-color\">\u25ba<\/mark> Declaraci\u00f3n SISAT.<\/p>\n\n\n\n<p><mark style=\"background-color:rgba(0, 0, 0, 0);color:#f1c40f\" class=\"has-inline-color\">\u25ba<\/mark> 30 Minutos de Asesor\u00eda Telef\u00f3nica Mensual.<\/p>\n\n\n\n<hr class=\"wp-block-separator has-text-color has-alpha-channel-opacity has-background is-style-wide\" style=\"background-color:#000000;color:#000000\"\/>\n\n\n\n<p><mark style=\"background-color:rgba(0, 0, 0, 0);color:#f1c40f\" class=\"has-inline-color\">\u00bb<\/mark> Valor anual 20 UF<mark style=\"background-color:rgba(0, 0, 0, 0);color:#f1c40f\" class=\"has-inline-color\">*<\/mark>.<\/p>\n\n\n\n<p><mark style=\"background-color:rgba(0, 0, 0, 0);color:#f1c40f\" class=\"has-inline-color\">\u00bb<\/mark> Valor mensual 5 UF<mark style=\"background-color:rgba(0, 0, 0, 0);color:#f1c40f\" class=\"has-inline-color\">*<\/mark>.<\/p>\n\n\n\n<p><mark style=\"background-color:rgba(0, 0, 0, 0);color:#f1c40f\" class=\"has-inline-color\">\u00bb<\/mark> Todos los valores son por una instalaci\u00f3n.<\/p>\n\n\n\n<p><mark style=\"background-color:rgba(0, 0, 0, 0);color:#f1c40f\" class=\"has-inline-color\">\u00bb<\/mark> La asesor\u00eda telef\u00f3nica s\u00f3lo aplica a los planes anuales.<\/p>\n\n\n\n<p><mark style=\"background-color:rgba(0, 0, 0, 0);color:#f1c40f\" class=\"has-inline-color\">\u00bb<\/mark> Si requieres una visita a terreno, solicita <a title=\"\" href=\"https:\/\/web.whatsapp.com\/send?phone=56932394616&amp;text=\u00a1Hola, necesito cotizar un servicio!\"><mark style=\"background-color:rgba(0, 0, 0, 0);color:#f1c40f\" class=\"has-inline-color\">aqu\u00ed<\/mark><\/a> tu presupuesto.<\/p>\n\n\n\n<p><mark style=\"background-color:rgba(0, 0, 0, 0);color:#f1c40f\" class=\"has-inline-color\">\u00bb<\/mark> Actualizaci\u00f3n Sistema RETC, solicita <a title=\"\" href=\"https:\/\/web.whatsapp.com\/send?phone=56932394616&amp;text=\u00a1Hola, necesito cotizar un servicio!\"><mark style=\"background-color:rgba(0, 0, 0, 0);color:#f1c40f\" class=\"has-inline-color\">aqu\u00ed<\/mark><\/a> tu presupuesto.<\/p>\n\n\n\n<div style=\"height:50px\" aria-hidden=\"true\" class=\"wp-block-spacer\"><\/div>\n\n\n\n<div class=\"wp-block-buttons is-horizontal is-content-justification-center is-layout-flex wp-container-core-buttons-is-layout-937ffba9 wp-block-buttons-is-layout-flex\">\n<div class=\"wp-block-button has-custom-width wp-block-button__width-100 is-style-fill\"><a class=\"wp-block-button__link has-black-color has-text-color has-background no-border-radius wp-element-button\" href=\"https:\/\/greenkimun.cl\/?product=plan-rio\" style=\"background-color:#f1c40f\">Me Encanta!<\/a><\/div>\n<\/div>\n\n\n\n<p class=\"has-small-font-size\"><mark style=\"background-color:rgba(0, 0, 0, 0);color:#f1c40f\" class=\"has-inline-color\">* Valor UF al 31 de Octubre 2023.<\/mark><\/p>\n<\/div>\n\n\n\n<div class=\"wp-block-column is-vertically-aligned-top has-white-color has-text-color has-background has-link-color wp-elements-b18b848324f7ac55b246899bda1bd9b5 is-layout-flow wp-block-column-is-layout-flow\" style=\"background-color:#0a0a0a;padding-top:2em;padding-right:2em;padding-bottom:2em;padding-left:2em\">\n<p class=\"has-small-font-size\"><\/p>\n<\/div>\n<\/div>\n\n\n\n<div class=\"wp-block-columns alignwide is-layout-flex wp-container-core-columns-is-layout-829b1d53 wp-block-columns-is-layout-flex\" style=\"margin-bottom:0\">\n<div class=\"wp-block-column is-vertically-aligned-top has-white-color has-text-color has-background has-link-color wp-elements-7f4a1d2611a354a87e78779534861f6a is-layout-flow wp-block-column-is-layout-flow\" style=\"background-color:#0a0a0a;padding-top:2em;padding-right:2em;padding-bottom:2em;padding-left:2em\"><\/div>\n\n\n\n<div class=\"wp-block-column is-vertically-aligned-top has-white-color has-text-color has-background has-link-color wp-elements-514e0ee727f73f6ae5ca1745527826ce is-layout-flow wp-block-column-is-layout-flow\" style=\"background-color:#252525;padding-top:2em;padding-right:2em;padding-bottom:2em;padding-left:2em;flex-basis:600px\">\n<h2 class=\"wp-block-heading has-text-align-center\" id=\"patron\" style=\"font-size:40px\"><mark style=\"background-color:rgba(0, 0, 0, 0);color:#e67e22\" class=\"has-inline-color\">Plan Volc\u00e1n<\/mark><\/h2>\n\n\n\n<hr class=\"wp-block-separator has-text-color has-alpha-channel-opacity has-background is-style-wide\" style=\"background-color:#000000;color:#000000\"\/>\n\n\n\n<p><mark style=\"background-color:rgba(0, 0, 0, 0);color:#e67e22\" class=\"has-inline-color\">\u25ba<\/mark> Declaraci\u00f3n Jurada Anual (DJA).<\/p>\n\n\n\n<p><mark style=\"background-color:rgba(0, 0, 0, 0);color:#e67e22\" class=\"has-inline-color\">\u25ba<\/mark> Declaraci\u00f3n Desempe\u00f1o Ambiental Empresarial (DAE).<\/p>\n\n\n\n<p><mark style=\"background-color:rgba(0, 0, 0, 0);color:#e67e22\" class=\"has-inline-color\">\u25ba<\/mark> Registro de Fuentes y Procesos.<\/p>\n\n\n\n<p><mark style=\"background-color:rgba(0, 0, 0, 0);color:#e67e22\" class=\"has-inline-color\">\u25ba<\/mark> Declaraci\u00f3n RUEA (D.S 138 y Res. 15.027)<\/p>\n\n\n\n<p><mark style=\"background-color:rgba(0, 0, 0, 0);color:#e67e22\" class=\"has-inline-color\">\u25ba<\/mark> SINADER mensual.<\/p>\n\n\n\n<p><mark style=\"background-color:rgba(0, 0, 0, 0);color:#e67e22\" class=\"has-inline-color\">\u25ba<\/mark> SINADER Anual.<\/p>\n\n\n\n<p><mark style=\"background-color:rgba(0, 0, 0, 0);color:#e67e22\" class=\"has-inline-color\">\u25ba<\/mark> Declaraci\u00f3n SISAT.<\/p>\n\n\n\n<p><mark style=\"background-color:rgba(0, 0, 0, 0);color:#e67e22\" class=\"has-inline-color\">\u25ba<\/mark> Declaraci\u00f3n Ley REP.<\/p>\n\n\n\n<p><mark style=\"background-color:rgba(0, 0, 0, 0);color:#e67e22\" class=\"has-inline-color\">\u25ba<\/mark> Declaraci\u00f3n DASUSPEL.<\/p>\n\n\n\n<p><mark style=\"background-color:rgba(0, 0, 0, 0);color:#e67e22\" class=\"has-inline-color\">\u25ba<\/mark> Declaraciones SIDREP.<\/p>\n\n\n\n<p><mark style=\"background-color:rgba(0, 0, 0, 0);color:#e67e22\" class=\"has-inline-color\">\u25ba<\/mark> 60 Minutos de Asesor\u00eda Telef\u00f3nica Mensual.<\/p>\n\n\n\n<p><mark style=\"background-color:rgba(0, 0, 0, 0);color:#e67e22\" class=\"has-inline-color\">\u25ba<\/mark> 1 Reuni\u00f3n Mensual On-Line de 30 Minutos.<\/p>\n\n\n\n<hr class=\"wp-block-separator has-text-color has-alpha-channel-opacity has-background is-style-wide\" style=\"background-color:#000000;color:#000000\"\/>\n\n\n\n<p><mark style=\"background-color:rgba(0, 0, 0, 0);color:#e67e22\" class=\"has-inline-color\">\u00bb<\/mark> Valor anual 35 UF<mark style=\"background-color:rgba(0, 0, 0, 0);color:#e67e22\" class=\"has-inline-color\">*<\/mark>.<\/p>\n\n\n\n<p><mark style=\"background-color:rgba(0, 0, 0, 0);color:#e67e22\" class=\"has-inline-color\">\u00bb<\/mark> Valor mensual 6 UF<mark style=\"background-color:rgba(0, 0, 0, 0);color:#e67e22\" class=\"has-inline-color\">*<\/mark>.<\/p>\n\n\n\n<p><mark style=\"background-color:rgba(0, 0, 0, 0);color:#e67e22\" class=\"has-inline-color\">\u00bb<\/mark> Todos los valores son por una instalaci\u00f3n.<\/p>\n\n\n\n<p><mark style=\"background-color:rgba(0, 0, 0, 0);color:#e67e22\" class=\"has-inline-color\">\u00bb<\/mark> La asesor\u00eda telef\u00f3nica s\u00f3lo aplica a los planes anuales.<\/p>\n\n\n\n<p><mark style=\"background-color:rgba(0, 0, 0, 0);color:#e67e22\" class=\"has-inline-color\">\u00bb<\/mark> Si requieres una visita a terreno, solicita <a title=\"\" href=\"https:\/\/web.whatsapp.com\/send?phone=56932394616&amp;text=\u00a1Hola, necesito cotizar un servicio!\"><mark style=\"background-color:rgba(0, 0, 0, 0)\" class=\"has-inline-color has-luminous-vivid-orange-color\">aqu\u00ed<\/mark><\/a> tu presupuesto.<\/p>\n\n\n\n<p><mark style=\"background-color:rgba(0, 0, 0, 0);color:#e67e22\" class=\"has-inline-color\">\u00bb<\/mark> Actualizaci\u00f3n Sistema RETC, solicita <a title=\"\" href=\"https:\/\/web.whatsapp.com\/send?phone=56932394616&amp;text=\u00a1Hola, necesito cotizar un servicio!\"><mark style=\"background-color:rgba(0, 0, 0, 0)\" class=\"has-inline-color has-luminous-vivid-orange-color\">aqu\u00ed<\/mark><\/a> tu presupuesto.<\/p>\n\n\n\n<div style=\"height:50px\" aria-hidden=\"true\" class=\"wp-block-spacer\"><\/div>\n\n\n\n<div class=\"wp-block-buttons is-horizontal is-content-justification-center is-layout-flex wp-container-core-buttons-is-layout-9393892f wp-block-buttons-is-layout-flex\">\n<div class=\"wp-block-button has-custom-width wp-block-button__width-100 is-style-fill\"><a class=\"wp-block-button__link has-black-color has-text-color has-background no-border-radius wp-element-button\" href=\"https:\/\/greenkimun.cl\/?product=plan-volcan\" style=\"background-color:#e67e22\">Fascinante!<\/a><\/div>\n<\/div>\n\n\n\n<p class=\"has-small-font-size\"><mark style=\"background-color:rgba(0, 0, 0, 0);color:#e67e22\" class=\"has-inline-color\">* Valor UF al 31 de Octubre 2023.<\/mark><\/p>\n<\/div>\n\n\n\n<div class=\"wp-block-column is-vertically-aligned-top has-white-color has-text-color has-background has-link-color wp-elements-43e0c2a4153c12133c05f4b739037245 is-layout-flow wp-block-column-is-layout-flow\" style=\"background-color:#0a0a0a;padding-top:2em;padding-right:2em;padding-bottom:2em;padding-left:2em\"><\/div>\n<\/div>\n\n\n\n<hr class=\"wp-block-separator has-alpha-channel-opacity\"\/>\n\n\n\n<p class=\"has-text-align-center has-white-color has-text-color\" style=\"font-size:56px\">Elige tu Bolsa de Minutos en Asesor\u00eda Ambiental<\/p>\n\n\n\n<div class=\"wp-block-columns alignwide are-vertically-aligned-top is-layout-flex wp-container-core-columns-is-layout-829b1d53 wp-block-columns-is-layout-flex\" style=\"margin-bottom:0\">\n<div class=\"wp-block-column is-vertically-aligned-top has-white-color has-text-color has-background has-link-color wp-elements-20df644f553b9ee70a6e847e5ab7d9f6 is-layout-flow wp-block-column-is-layout-flow\" style=\"background-color:#252525;padding-top:2em;padding-right:2em;padding-bottom:2em;padding-left:2em\">\n<h2 class=\"wp-block-heading has-text-align-center\" id=\"single\" style=\"font-size:40px\"><mark style=\"background-color:rgba(0, 0, 0, 0)\" class=\"has-inline-color has-vivid-green-cyan-color\">Bolsa de 15 Minutos<\/mark><\/h2>\n\n\n\n<p class=\"has-text-align-center has-white-color has-text-color has-huge-font-size\" style=\"font-style:normal;font-weight:900;letter-spacing:3px\">0,3 UF<mark style=\"background-color:rgba(0, 0, 0, 0)\" class=\"has-inline-color has-vivid-green-cyan-color\">*<\/mark><\/p>\n\n\n\n<div class=\"wp-block-buttons is-horizontal is-content-justification-center is-layout-flex wp-container-core-buttons-is-layout-499968f5 wp-block-buttons-is-layout-flex\">\n<div class=\"wp-block-button has-custom-width wp-block-button__width-100 is-style-fill\"><a class=\"wp-block-button__link has-white-color has-text-color has-background no-border-radius wp-element-button\" href=\"https:\/\/greenkimun.cl\/?product=bolsa-15-minutos\" style=\"background-color:#28b463\">Comprar<\/a><\/div>\n<\/div>\n\n\n\n<p class=\"has-small-font-size\"><mark style=\"background-color:rgba(0, 0, 0, 0)\" class=\"has-inline-color has-vivid-green-cyan-color\">* Valor UF al 31 de Octubre 2023.<\/mark><\/p>\n<\/div>\n\n\n\n<div class=\"wp-block-column is-vertically-aligned-top has-white-color has-text-color has-background has-link-color wp-elements-b88514e10ffe11a2c3509d27a746f6a6 is-layout-flow wp-block-column-is-layout-flow\" style=\"background-color:#252525;padding-top:2em;padding-right:2em;padding-bottom:2em;padding-left:2em\">\n<h2 class=\"wp-block-heading has-text-align-center\" id=\"family\" style=\"font-size:40px\"><mark style=\"background-color:rgba(0, 0, 0, 0);color:#f1c40f\" class=\"has-inline-color\">Bolsa de 30 Minutos<\/mark><\/h2>\n\n\n\n<p class=\"has-text-align-center has-white-color has-text-color has-huge-font-size\" style=\"font-style:normal;font-weight:900;letter-spacing:3px\">0,6 UF<mark style=\"background-color:rgba(0, 0, 0, 0);color:#f1c40f\" class=\"has-inline-color\">*<\/mark><\/p>\n\n\n\n<div class=\"wp-block-buttons is-horizontal is-content-justification-center is-layout-flex wp-container-core-buttons-is-layout-499968f5 wp-block-buttons-is-layout-flex\">\n<div class=\"wp-block-button has-custom-width wp-block-button__width-100 is-style-fill\"><a class=\"wp-block-button__link has-black-color has-text-color has-background no-border-radius wp-element-button\" href=\"https:\/\/greenkimun.cl\/?product=bolsa-30-minutos\" style=\"background-color:#f1c40f\">Comprar<\/a><\/div>\n<\/div>\n\n\n\n<p class=\"has-small-font-size\"><mark style=\"background-color:rgba(0, 0, 0, 0);color:#f1c40f\" class=\"has-inline-color\">* Valor UF al 31 de Octubre 2023.<\/mark><\/p>\n<\/div>\n\n\n\n<div class=\"wp-block-column is-vertically-aligned-top has-white-color has-text-color has-background has-link-color wp-elements-3f4493015fce14cc9ee7eb8d91876423 is-layout-flow wp-block-column-is-layout-flow\" style=\"background-color:#252525;padding-top:2em;padding-right:2em;padding-bottom:2em;padding-left:2em\">\n<h2 class=\"wp-block-heading has-text-align-center\" id=\"patron\" style=\"font-size:40px\"><mark style=\"background-color:rgba(0, 0, 0, 0);color:#e67e22\" class=\"has-inline-color\">Bolsa de 60 Minutos<\/mark><\/h2>\n\n\n\n<p class=\"has-text-align-center has-white-color has-text-color has-huge-font-size\" style=\"font-style:normal;font-weight:900;letter-spacing:3px\">1 UF<mark style=\"background-color:rgba(0, 0, 0, 0);color:#e67e22\" class=\"has-inline-color\">*<\/mark><\/p>\n\n\n\n<div class=\"wp-block-buttons is-horizontal is-content-justification-center is-layout-flex wp-container-core-buttons-is-layout-9393892f wp-block-buttons-is-layout-flex\">\n<div class=\"wp-block-button has-custom-width wp-block-button__width-100 is-style-fill\"><a class=\"wp-block-button__link has-black-color has-text-color has-background no-border-radius wp-element-button\" href=\"https:\/\/greenkimun.cl\/?product=bolsa-60-minutos\" style=\"background-color:#e67e22\">Comprar<\/a><\/div>\n<\/div>\n\n\n\n<p class=\"has-small-font-size\"><mark style=\"background-color:rgba(0, 0, 0, 0);color:#e67e22\" class=\"has-inline-color\">* Valor UF al 31 de Octubre 2023.<\/mark><\/p>\n<\/div>\n<\/div>\n\n\n\n<div style=\"height:100px\" aria-hidden=\"true\" class=\"wp-block-spacer\"><\/div>\n\n\n\n<hr class=\"wp-block-separator has-alpha-channel-opacity\"\/>\n\n\n\n<div style=\"height:100px\" aria-hidden=\"true\" class=\"wp-block-spacer\"><\/div>\n\n\n\n\n","protected":false},"excerpt":{"rendered":"<p>Elige tu Plan Plan \u00c1rbol \u25ba Declaraci\u00f3n Jurada Anual (DJA). \u25ba Declaraci\u00f3n Desempe\u00f1o Ambiental Empresarial (DAE). \u25ba Registro de Fuentes y Procesos. \u25ba Declaraci\u00f3n RUEA (D.S. 138). \u25ba Declaraci\u00f3n SISAT. \u25ba 15 Minutos de Asesor\u00eda Telef\u00f3nica Mensual. \u00bb Valor anual 10 UF*. \u00bb Valor mensual 4 UF*. \u00bb Todos los valores son por una instalaci\u00f3n. [&hellip;]<\/p>\n","protected":false},"author":1,"featured_media":0,"parent":0,"menu_order":0,"comment_status":"closed","ping_status":"closed","template":"","meta":{"footnotes":""},"class_list":["post-2","page","type-page","status-publish","hentry"],"_links":{"self":[{"href":"https:\/\/greenkimun.cl\/index.php?rest_route=\/wp\/v2\/pages\/2","targetHints":{"allow":["GET"]}}],"collection":[{"href":"https:\/\/greenkimun.cl\/index.php?rest_route=\/wp\/v2\/pages"}],"about":[{"href":"https:\/\/greenkimun.cl\/index.php?rest_route=\/wp\/v2\/types\/page"}],"author":[{"embeddable":true,"href":"https:\/\/greenkimun.cl\/index.php?rest_route=\/wp\/v2\/users\/1"}],"replies":[{"embeddable":true,"href":"https:\/\/greenkimun.cl\/index.php?rest_route=%2Fwp%2Fv2%2Fcomments&post=2"}],"version-history":[{"count":221,"href":"https:\/\/greenkimun.cl\/index.php?rest_route=\/wp\/v2\/pages\/2\/revisions"}],"predecessor-version":[{"id":500,"href":"https:\/\/greenkimun.cl\/index.php?rest_route=\/wp\/v2\/pages\/2\/revisions\/500"}],"wp:attachment":[{"href":"https:\/\/greenkimun.cl\/index.php?rest_route=%2Fwp%2Fv2%2Fmedia&parent=2"}],"curies":[{"name":"wp","href":"https:\/\/api.w.org\/{rel}","templated":true}]}}