{"id":21,"date":"2023-10-18T17:59:59","date_gmt":"2023-10-18T17:59:59","guid":{"rendered":"https:\/\/greenkimun.cl\/?post_type=product&#038;p=21"},"modified":"2023-10-27T18:52:14","modified_gmt":"2023-10-27T18:52:14","slug":"plan-arbol","status":"publish","type":"product","link":"https:\/\/greenkimun.cl\/?product=plan-arbol","title":{"rendered":"Plan \u00c1rbol"},"content":{"rendered":"Incluye:\r\n<div class=\"wp-block-group has-small-font-size is-nowrap is-layout-flex wp-container-2 wp-block-group-is-layout-flex\">\r\n\r\n\r\n<ol>\r\n \t<li>Declaraci\u00f3n Jurada Anual (DJA).<\/li>\r\n \t<li>Declaraci\u00f3n Desempe\u00f1o Ambiental Empresarial (DAE).<\/li>\r\n \t<li>Registro de Fuentes y Procesos.<\/li>\r\n \t<li>Declaraci\u00f3n RUEA (D.S. 138).<\/li>\r\n \t<li>Declaraci\u00f3n SISAT.<\/li>\r\n \t<li>15 Minutos de Asesor\u00eda Telef\u00f3nica Mensual.<\/li>\r\n<\/ol>\r\n\r\n\r\n<\/div>","protected":false},"excerpt":{"rendered":"<p>Incluye: Declaraci\u00f3n Jurada Anual (DJA). Declaraci\u00f3n Desempe\u00f1o Ambiental Empresarial (DAE). Registro de Fuentes y Procesos. Declaraci\u00f3n RUEA (D.S. 138). Declaraci\u00f3n SISAT. 15 Minutos de Asesor\u00eda Telef\u00f3nica Mensual.<\/p>\n","protected":false},"featured_media":41,"template":"","meta":[],"product_cat":[21],"product_tag":[],"class_list":{"0":"post-21","1":"product","2":"type-product","3":"status-publish","4":"has-post-thumbnail","6":"product_cat-planes","8":"first","9":"instock","10":"shipping-taxable","11":"purchasable","12":"product-type-variable","13":"has-default-attributes"},"_links":{"self":[{"href":"https:\/\/greenkimun.cl\/index.php?rest_route=\/wp\/v2\/product\/21","targetHints":{"allow":["GET"]}}],"collection":[{"href":"https:\/\/greenkimun.cl\/index.php?rest_route=\/wp\/v2\/product"}],"about":[{"href":"https:\/\/greenkimun.cl\/index.php?rest_route=\/wp\/v2\/types\/product"}],"wp:featuredmedia":[{"embeddable":true,"href":"https:\/\/greenkimun.cl\/index.php?rest_route=\/wp\/v2\/media\/41"}],"wp:attachment":[{"href":"https:\/\/greenkimun.cl\/index.php?rest_route=%2Fwp%2Fv2%2Fmedia&parent=21"}],"wp:term":[{"taxonomy":"product_cat","embeddable":true,"href":"https:\/\/greenkimun.cl\/index.php?rest_route=%2Fwp%2Fv2%2Fproduct_cat&post=21"},{"taxonomy":"product_tag","embeddable":true,"href":"https:\/\/greenkimun.cl\/index.php?rest_route=%2Fwp%2Fv2%2Fproduct_tag&post=21"}],"curies":[{"name":"wp","href":"https:\/\/api.w.org\/{rel}","templated":true}]}}