{"id":275,"date":"2023-10-25T06:37:59","date_gmt":"2023-10-25T06:37:59","guid":{"rendered":"https:\/\/greenkimun.cl\/?post_type=product&#038;p=275"},"modified":"2023-10-27T18:54:04","modified_gmt":"2023-10-27T18:54:04","slug":"plan-rio","status":"publish","type":"product","link":"https:\/\/greenkimun.cl\/?product=plan-rio","title":{"rendered":"Plan R\u00edo"},"content":{"rendered":"<p>Incluye:<\/p>\n<div class=\"wp-block-group has-small-font-size is-nowrap is-layout-flex wp-container-32 wp-block-group-is-layout-flex\">\n<div class=\"wp-block-group has-small-font-size is-nowrap is-layout-flex wp-container-15 wp-block-group-is-layout-flex\">\n<ol>\n<li class=\"has-normal-font-size\">Declaraci\u00f3n Jurada Anual (DJA).<\/li>\n<li class=\"has-normal-font-size\">Declaraci\u00f3n Desempe\u00f1o Ambiental Empresarial (DAE).<\/li>\n<li class=\"has-normal-font-size\">Registro de Fuentes y Procesos.<\/li>\n<li class=\"has-normal-font-size\">Declaraci\u00f3n RUEA (D.S 138 y Res. 15.027).<\/li>\n<li class=\"has-normal-font-size\">SINADER mensual.<\/li>\n<li class=\"has-normal-font-size\">SINADER Anual.<\/li>\n<li class=\"has-normal-font-size\">Declaraci\u00f3n SISAT.<\/li>\n<li class=\"has-normal-font-size\">30 Minutos de Asesor\u00eda Telef\u00f3nica Mensual.<\/li>\n<\/ol>\n<\/div>\n<\/div>\n","protected":false},"excerpt":{"rendered":"<p>Incluye: Declaraci\u00f3n Jurada Anual (DJA). Declaraci\u00f3n Desempe\u00f1o Ambiental Empresarial (DAE). Registro de Fuentes y Procesos. Declaraci\u00f3n RUEA (D.S 138 y Res. 15.027). SINADER mensual. SINADER Anual. Declaraci\u00f3n SISAT. 30 Minutos de Asesor\u00eda Telef\u00f3nica Mensual.<\/p>\n","protected":false},"featured_media":279,"template":"","meta":[],"product_cat":[21],"product_tag":[],"class_list":{"0":"post-275","1":"product","2":"type-product","3":"status-publish","4":"has-post-thumbnail","6":"product_cat-planes","8":"first","9":"instock","10":"shipping-taxable","11":"purchasable","12":"product-type-variable","13":"has-default-attributes"},"_links":{"self":[{"href":"https:\/\/greenkimun.cl\/index.php?rest_route=\/wp\/v2\/product\/275","targetHints":{"allow":["GET"]}}],"collection":[{"href":"https:\/\/greenkimun.cl\/index.php?rest_route=\/wp\/v2\/product"}],"about":[{"href":"https:\/\/greenkimun.cl\/index.php?rest_route=\/wp\/v2\/types\/product"}],"wp:featuredmedia":[{"embeddable":true,"href":"https:\/\/greenkimun.cl\/index.php?rest_route=\/wp\/v2\/media\/279"}],"wp:attachment":[{"href":"https:\/\/greenkimun.cl\/index.php?rest_route=%2Fwp%2Fv2%2Fmedia&parent=275"}],"wp:term":[{"taxonomy":"product_cat","embeddable":true,"href":"https:\/\/greenkimun.cl\/index.php?rest_route=%2Fwp%2Fv2%2Fproduct_cat&post=275"},{"taxonomy":"product_tag","embeddable":true,"href":"https:\/\/greenkimun.cl\/index.php?rest_route=%2Fwp%2Fv2%2Fproduct_tag&post=275"}],"curies":[{"name":"wp","href":"https:\/\/api.w.org\/{rel}","templated":true}]}}