{"id":46,"date":"2023-10-18T19:23:48","date_gmt":"2023-10-18T19:23:48","guid":{"rendered":"https:\/\/greenkimun.cl\/?post_type=product&#038;p=46"},"modified":"2023-10-27T18:54:58","modified_gmt":"2023-10-27T18:54:58","slug":"plan-volcan","status":"publish","type":"product","link":"https:\/\/greenkimun.cl\/?product=plan-volcan","title":{"rendered":"Plan Volc\u00e1n"},"content":{"rendered":"<p>Incluye:<\/p>\n<div class=\"wp-block-group has-small-font-size is-nowrap is-layout-flex wp-container-32 wp-block-group-is-layout-flex\">\n<ol>\n<li>Declaraci\u00f3n Jurada Anual (DJA).<\/li>\n<li>Declaraci\u00f3n Desempe\u00f1o Ambiental Empresarial (DAE).<\/li>\n<li>Registro de Fuentes y Procesos.<\/li>\n<li>Declaraci\u00f3n RUEA (D.S 138 y Res. 15.027)<\/li>\n<li>SINADER mensual.<\/li>\n<li>SINADER Anual.<\/li>\n<li>Declaraci\u00f3n SISAT.<\/li>\n<li>Declaraci\u00f3n Ley REP.<\/li>\n<li>Declaraci\u00f3n DASUSPEL.<\/li>\n<li>Declaraciones SIDREP.<\/li>\n<li>60 Minutos de Asesor\u00eda Telef\u00f3nica Mensual.<\/li>\n<li>1 Reuni\u00f3n Mensual On-Line de 30 Minutos.<\/li>\n<\/ol>\n<\/div>\n","protected":false},"excerpt":{"rendered":"<p>Incluye: Declaraci\u00f3n Jurada Anual (DJA). Declaraci\u00f3n Desempe\u00f1o Ambiental Empresarial (DAE). Registro de Fuentes y Procesos. Declaraci\u00f3n RUEA (D.S 138 y Res. 15.027) SINADER mensual. SINADER Anual. Declaraci\u00f3n SISAT. Declaraci\u00f3n Ley REP. Declaraci\u00f3n DASUSPEL. Declaraciones SIDREP. 60 Minutos de Asesor\u00eda Telef\u00f3nica Mensual. 1 Reuni\u00f3n Mensual On-Line de 30 Minutos.<\/p>\n","protected":false},"featured_media":47,"template":"","meta":[],"product_cat":[21],"product_tag":[],"class_list":{"0":"post-46","1":"product","2":"type-product","3":"status-publish","4":"has-post-thumbnail","6":"product_cat-planes","8":"first","9":"instock","10":"shipping-taxable","11":"purchasable","12":"product-type-variable","13":"has-default-attributes"},"_links":{"self":[{"href":"https:\/\/greenkimun.cl\/index.php?rest_route=\/wp\/v2\/product\/46","targetHints":{"allow":["GET"]}}],"collection":[{"href":"https:\/\/greenkimun.cl\/index.php?rest_route=\/wp\/v2\/product"}],"about":[{"href":"https:\/\/greenkimun.cl\/index.php?rest_route=\/wp\/v2\/types\/product"}],"wp:featuredmedia":[{"embeddable":true,"href":"https:\/\/greenkimun.cl\/index.php?rest_route=\/wp\/v2\/media\/47"}],"wp:attachment":[{"href":"https:\/\/greenkimun.cl\/index.php?rest_route=%2Fwp%2Fv2%2Fmedia&parent=46"}],"wp:term":[{"taxonomy":"product_cat","embeddable":true,"href":"https:\/\/greenkimun.cl\/index.php?rest_route=%2Fwp%2Fv2%2Fproduct_cat&post=46"},{"taxonomy":"product_tag","embeddable":true,"href":"https:\/\/greenkimun.cl\/index.php?rest_route=%2Fwp%2Fv2%2Fproduct_tag&post=46"}],"curies":[{"name":"wp","href":"https:\/\/api.w.org\/{rel}","templated":true}]}}